{"id":4654,"date":"2020-09-28T09:24:54","date_gmt":"2020-09-28T09:24:54","guid":{"rendered":"https:\/\/boldsteps.net\/cookie-policy\/"},"modified":"2021-05-06T13:36:30","modified_gmt":"2021-05-06T13:36:30","slug":"cookiepolitik","status":"publish","type":"page","link":"https:\/\/boldsteps.net\/da\/cookiepolitik\/","title":{"rendered":"Cookiepolitik"},"content":{"rendered":"\t\t<div data-elementor-type=\"wp-page\" data-elementor-id=\"4654\" class=\"elementor elementor-4654\">\n\t\t\t\t\t\t<section class=\"elementor-section elementor-top-section elementor-element elementor-element-7af49d2d elementor-section-boxed elementor-section-height-default elementor-section-height-default\" data-id=\"7af49d2d\" data-element_type=\"section\" data-settings=\"{&quot;jet_parallax_layout_list&quot;:[{&quot;jet_parallax_layout_image&quot;:{&quot;url&quot;:&quot;&quot;,&quot;id&quot;:&quot;&quot;,&quot;size&quot;:&quot;&quot;},&quot;_id&quot;:&quot;554478d&quot;,&quot;jet_parallax_layout_image_tablet&quot;:{&quot;url&quot;:&quot;&quot;,&quot;id&quot;:&quot;&quot;,&quot;size&quot;:&quot;&quot;},&quot;jet_parallax_layout_image_mobile&quot;:{&quot;url&quot;:&quot;&quot;,&quot;id&quot;:&quot;&quot;,&quot;size&quot;:&quot;&quot;},&quot;jet_parallax_layout_speed&quot;:{&quot;unit&quot;:&quot;%&quot;,&quot;size&quot;:50,&quot;sizes&quot;:[]},&quot;jet_parallax_layout_type&quot;:&quot;scroll&quot;,&quot;jet_parallax_layout_direction&quot;:&quot;1&quot;,&quot;jet_parallax_layout_fx_direction&quot;:null,&quot;jet_parallax_layout_z_index&quot;:&quot;&quot;,&quot;jet_parallax_layout_bg_x&quot;:50,&quot;jet_parallax_layout_bg_y&quot;:50,&quot;jet_parallax_layout_bg_size&quot;:&quot;auto&quot;,&quot;jet_parallax_layout_animation_prop&quot;:&quot;transform&quot;,&quot;jet_parallax_layout_on&quot;:[&quot;desktop&quot;,&quot;tablet&quot;],&quot;jet_parallax_layout_bg_x_tablet&quot;:&quot;&quot;,&quot;jet_parallax_layout_bg_x_mobile&quot;:&quot;&quot;,&quot;jet_parallax_layout_bg_y_tablet&quot;:&quot;&quot;,&quot;jet_parallax_layout_bg_y_mobile&quot;:&quot;&quot;,&quot;jet_parallax_layout_bg_size_tablet&quot;:&quot;&quot;,&quot;jet_parallax_layout_bg_size_mobile&quot;:&quot;&quot;}]}\">\n\t\t\t\t\t\t<div class=\"elementor-container elementor-column-gap-default\">\n\t\t\t\t\t<div class=\"elementor-column elementor-col-100 elementor-top-column elementor-element elementor-element-2c286736\" data-id=\"2c286736\" data-element_type=\"column\">\n\t\t\t<div class=\"elementor-widget-wrap elementor-element-populated\">\n\t\t\t\t\t\t<div class=\"elementor-element elementor-element-51063f40 elementor-widget elementor-widget-text-editor\" data-id=\"51063f40\" data-element_type=\"widget\" data-widget_type=\"text-editor.default\">\n\t\t\t\t<div class=\"elementor-widget-container\">\n\t\t\t\t\t\t\t\t\t<div class=\"cli_pg_page_contaner\"><h3>Cookie-politik for denne hjemmeside<\/h3><p>Velkommen til vores hjemmeside boldsteps.net.<br \/>Vi arbejder altid p\u00e5 at forbedre din oplevelse af vores hjemmeside. Til det form\u00e5l bruger vi cookies.<\/p><p>L\u00e6s herunder mere om cookies og hvordan vi bruger dem.<\/p><p>Hvis du vil vide, hvordan vi behandler personoplysninger i Boldsteps, s\u00e5 l\u00e6s vores privatlivspolitik <span style=\"text-decoration: underline;\"><a href=\"https:\/\/boldsteps.net\/privacy-policy\/\">her<\/a><\/span>.<\/p><p><strong>1. Ejeroplysninger<\/strong><br \/>Denne hjemmeside ejes af:<br \/>Boldsteps ApS<br \/>CVR: 40877746<br \/>Gr\u00f8nholtparken 14<br \/>DK \u2013 6000 Kolding<br \/>Danmark<br \/>E-mail: hello@boldsteps.net<br \/>Tlf. (DK): + 45 2372 2398<\/p><p><strong>2. Hvad er cookies?<\/strong><br \/>En cookie er en lille tekstfil, der lagres p\u00e5 din computer eller mobile enhed for at kunne genkende den.<\/p><p>Du kan fx l\u00e6se mere om cookies <span style=\"text-decoration: underline;\"><a href=\"https:\/\/minecookies.org\/information-om-cookies\/\" target=\"_blank\" rel=\"noopener\">her<\/a><\/span>.<\/p><p><strong>3. Kan jeg blokere for og\/eller slette cookies?<\/strong><br \/>Ja, det kan du. Hvordan du g\u00f8r det, kan du fx l\u00e6se om <span style=\"text-decoration: underline;\"><a href=\"https:\/\/minecookies.org\/cookiehandtering\/\" target=\"_blank\" rel=\"noopener\">her<\/a><\/span>.<\/p><p><strong>4. Hvad bruger vi cookies til p\u00e5 vores hjemmeside?<\/strong><br \/>Vi bruger p\u00e5 vores hjemmeside cookies til at:<\/p><ul><li>Gemme dine indstillinger (s\u00e5 du fx kun skal acceptere brugen af cookies f\u00f8rste gang, du bes\u00f8ger hjemmesiden)<\/li><\/ul><p>Der er ingen personlige oplysninger gemt i vores cookies, og de kan ikke indeholde virus.<\/p><p><strong>5. Tredjeparter med adgang til at s\u00e6tte cookies<\/strong><br \/>Vores hjemmeside anvender cookies fra f\u00f8lgende tredjeparter, der har adgang til de p\u00e5g\u00e6ldende cookies:<\/p><ul><li>Google Analytics<\/li><li>LinkedIn<\/li><li>Mailchimp<\/li><\/ul><p><em>Siden er sidst opdateret 3. maj, 2021<\/em><\/p><\/div>\t\t\t\t\t\t\t\t<\/div>\n\t\t\t\t<\/div>\n\t\t\t\t\t<\/div>\n\t\t<\/div>\n\t\t\t\t\t<\/div>\n\t\t<\/section>\n\t\t\t\t<\/div>\n\t\t","protected":false},"excerpt":{"rendered":"<p>Cookie-politik for denne hjemmeside Velkommen til vores hjemmeside boldsteps.net.Vi arbejder altid p\u00e5 at forbedre din oplevelse af vores hjemmeside. Til det form\u00e5l bruger vi cookies. L\u00e6s herunder mere om cookies og hvordan vi bruger dem. Hvis du vil vide, hvordan vi behandler personoplysninger i Boldsteps, s\u00e5 l\u00e6s vores privatlivspolitik her. 1. EjeroplysningerDenne hjemmeside ejes af:Boldsteps [&hellip;]<\/p>\n","protected":false},"author":1,"featured_media":0,"parent":0,"menu_order":0,"comment_status":"closed","ping_status":"closed","template":"","meta":{"_acf_changed":false,"footnotes":""},"class_list":["post-4654","page","type-page","status-publish","hentry"],"acf":[],"_links":{"self":[{"href":"https:\/\/boldsteps.net\/da\/wp-json\/wp\/v2\/pages\/4654","targetHints":{"allow":["GET"]}}],"collection":[{"href":"https:\/\/boldsteps.net\/da\/wp-json\/wp\/v2\/pages"}],"about":[{"href":"https:\/\/boldsteps.net\/da\/wp-json\/wp\/v2\/types\/page"}],"author":[{"embeddable":true,"href":"https:\/\/boldsteps.net\/da\/wp-json\/wp\/v2\/users\/1"}],"replies":[{"embeddable":true,"href":"https:\/\/boldsteps.net\/da\/wp-json\/wp\/v2\/comments?post=4654"}],"version-history":[{"count":2,"href":"https:\/\/boldsteps.net\/da\/wp-json\/wp\/v2\/pages\/4654\/revisions"}],"predecessor-version":[{"id":5104,"href":"https:\/\/boldsteps.net\/da\/wp-json\/wp\/v2\/pages\/4654\/revisions\/5104"}],"wp:attachment":[{"href":"https:\/\/boldsteps.net\/da\/wp-json\/wp\/v2\/media?parent=4654"}],"curies":[{"name":"wp","href":"https:\/\/api.w.org\/{rel}","templated":true}]}}