{"id":5093,"date":"2021-05-03T14:08:43","date_gmt":"2021-05-03T14:08:43","guid":{"rendered":"https:\/\/boldsteps.net\/?page_id=5093"},"modified":"2021-05-06T13:46:55","modified_gmt":"2021-05-06T13:46:55","slug":"privatlivspolitik","status":"publish","type":"page","link":"https:\/\/boldsteps.net\/da\/privatlivspolitik\/","title":{"rendered":"Privatlivspolitik"},"content":{"rendered":"\t\t<div data-elementor-type=\"wp-page\" data-elementor-id=\"5093\" class=\"elementor elementor-5093\">\n\t\t\t\t\t\t<section class=\"elementor-section elementor-top-section elementor-element elementor-element-7af49d2d elementor-section-boxed elementor-section-height-default elementor-section-height-default\" data-id=\"7af49d2d\" data-element_type=\"section\" data-settings=\"{&quot;jet_parallax_layout_list&quot;:[{&quot;jet_parallax_layout_image&quot;:{&quot;url&quot;:&quot;&quot;,&quot;id&quot;:&quot;&quot;,&quot;size&quot;:&quot;&quot;},&quot;_id&quot;:&quot;554478d&quot;,&quot;jet_parallax_layout_image_tablet&quot;:{&quot;url&quot;:&quot;&quot;,&quot;id&quot;:&quot;&quot;,&quot;size&quot;:&quot;&quot;},&quot;jet_parallax_layout_image_mobile&quot;:{&quot;url&quot;:&quot;&quot;,&quot;id&quot;:&quot;&quot;,&quot;size&quot;:&quot;&quot;},&quot;jet_parallax_layout_speed&quot;:{&quot;unit&quot;:&quot;%&quot;,&quot;size&quot;:50,&quot;sizes&quot;:[]},&quot;jet_parallax_layout_type&quot;:&quot;scroll&quot;,&quot;jet_parallax_layout_direction&quot;:&quot;1&quot;,&quot;jet_parallax_layout_fx_direction&quot;:null,&quot;jet_parallax_layout_z_index&quot;:&quot;&quot;,&quot;jet_parallax_layout_bg_x&quot;:50,&quot;jet_parallax_layout_bg_y&quot;:50,&quot;jet_parallax_layout_bg_size&quot;:&quot;auto&quot;,&quot;jet_parallax_layout_animation_prop&quot;:&quot;transform&quot;,&quot;jet_parallax_layout_on&quot;:[&quot;desktop&quot;,&quot;tablet&quot;],&quot;jet_parallax_layout_bg_x_tablet&quot;:&quot;&quot;,&quot;jet_parallax_layout_bg_x_mobile&quot;:&quot;&quot;,&quot;jet_parallax_layout_bg_y_tablet&quot;:&quot;&quot;,&quot;jet_parallax_layout_bg_y_mobile&quot;:&quot;&quot;,&quot;jet_parallax_layout_bg_size_tablet&quot;:&quot;&quot;,&quot;jet_parallax_layout_bg_size_mobile&quot;:&quot;&quot;}]}\">\n\t\t\t\t\t\t<div class=\"elementor-container elementor-column-gap-default\">\n\t\t\t\t\t<div class=\"elementor-column elementor-col-100 elementor-top-column elementor-element elementor-element-2c286736\" data-id=\"2c286736\" data-element_type=\"column\">\n\t\t\t<div class=\"elementor-widget-wrap elementor-element-populated\">\n\t\t\t\t\t\t<div class=\"elementor-element elementor-element-51063f40 elementor-widget elementor-widget-text-editor\" data-id=\"51063f40\" data-element_type=\"widget\" data-widget_type=\"text-editor.default\">\n\t\t\t\t<div class=\"elementor-widget-container\">\n\t\t\t\t\t\t\t\t\t<h3>Om Boldsteps og om denne privatlivspolitik<\/h3><p><strong>P\u00e5 siden her kan du l\u00e6se privatlivspolitikken for virksomheden:<\/strong><br \/>Boldsteps ApS<br \/>CVR: 40877746<br \/>Gr\u00f8nholtparken 14<br \/>DK \u2013 6000 Kolding<br \/>Danmark<br \/>E-mail: hello@boldsteps.net<br \/>Tlf. (DK): + 45 2372 2398<\/p><p>Hos Boldsteps, coacher og tr\u00e6ner vi ledere og medarbejdere, teams og hele organisationer i at lede, samarbejde og kommunikere.<\/p><p>Som led i vores virksomhed indsamler og behandler Boldsteps personoplysninger med henblik p\u00e5 opfyldelse af de form\u00e5l, der er beskrevet i denne privatlivspolitik.<\/p><p>Denne privatlivspolitik henvender sig til:<\/p><ul><li>Boldsteps kunder (herunder b\u00e5de kontaktpersoner hos Boldsteps kunder og deltagere p\u00e5 Boldsteps tr\u00e6ninger, workshops og coaching forl\u00f8b\/programmer)<\/li><li>Modtagere af Boldsteps nyhedsbrev<\/li><li>Brugere af Boldsteps hjemmeside<\/li><\/ul><p>Boldsteps privatlivspolitik m\u00e5lrettet andre grupper (medarbejdere, samarbejdspartnere m.v.) formidles til disse parter p\u00e5 anden vis.<\/p><p><strong>Principper i vores behandling af dine personoplysninger<\/strong><br \/>I afsnittet her kan du l\u00e6se om de principper i vores behandling af dine personoplysninger, der g\u00e6lder uafh\u00e6ngigt af hvilke personoplysninger, der er tale om.<\/p><p>Personoplysninger er enhver oplysning om en identificeret eller identific\u00e9rbar fysisk person.<\/p><p>Vi indsamler og behandler i Boldsteps udelukkende personoplysninger, n\u00e5r det er n\u00f8dvendigt.<\/p><p>Vi bruger udelukkende dine personoplysninger til det form\u00e5l, de er blevet indsamlet til, og vi sletter dem igen, n\u00e5r dette form\u00e5l er opfyldt, eller i henhold til g\u00e6ldende lovgivning, hvis lovgivningen kr\u00e6ver at vi opbevarer personoplysningerne i en l\u00e6ngere periode.<\/p><p>Vi behandler altid dine personoplysninger sikkert og fortroligt i overensstemmelse med g\u00e6ldende lovgivning, herunder EU-persondataforordningen GDPR og dansk databeskyttelseslovgivning.<\/p><p>Vi udvikler l\u00f8bende Boldsteps tekniske og organisatoriske sikkerhedsforanstaltninger for, hvordan vi indsamler, opbevarer, behandler og overf\u00f8rer dine personoplysninger, s\u00e5 vi sikrer oplysningerne imod uautoriseret adgang, \u00e6ndring og sletning.<\/p><p><strong>Hvilke typer personoplysninger behandler vi, og hvordan behandler vi dem?<\/strong><br \/>I afsnittet her kan du l\u00e6se mere om, hvilke typer personoplysninger vi indsamler og behandler i hvilke situationer, hvor vi f\u00e5r oplysningerne fra, hvordan vi behandler oplysningerne, og hvorfor vi har brug for at indsamle og behandle dem.<\/p><p>For alle situationer g\u00e6lder, at Boldsteps som udgangspunkt kun indsamler og behandler almindelige personoplysninger.<\/p><p><strong>Personoplysninger fra Boldsteps kunder<\/strong><\/p><p><em>Kontaktpersoner hos Boldsteps kunder<\/em><br \/>Hvis du er i kontakt med Boldsteps, fordi du \u00f8nsker at vi planl\u00e6gger og faciliterer tr\u00e6ning eller coaching for dig eller din virksomhed, f\u00e5r vi typisk f\u00f8lgende personoplysninger fra dig via Boldsteps hjemmeside, via e-mail eller via telefon:<\/p><ul><li>Navn<\/li><li>Telefonnummer<\/li><li>E-mailadresse<\/li><li>Hvilken virksomhed, du arbejder i<\/li><li>Stillingsbetegnelse<\/li><\/ul><p>Boldsteps har brug for oplysningerne for at kunne kommunikere med dig omkring forberedelse, afholdelse og opf\u00f8lgning p\u00e5 tr\u00e6ningen eller coachingprogrammet.<\/p><p>Boldsteps overf\u00f8rer kun oplysningerne i det omfang, det er strengt n\u00f8dvendigt for at kunne forberede, afholde og f\u00f8lge op p\u00e5 tr\u00e6ningen, til:<\/p><ul><li>Boldsteps databehandlere \u2013 som vi har indg\u00e5et databehandleraftaler med, hvilket er vores garanti for, at de overholder de g\u00e6ldende regler om beskyttelse af dine personoplysninger.<\/li><\/ul><p>Hvis du vil have oplyst, hvilke specifikke databehandlere og samarbejdspartnere, vi overf\u00f8rer oplysninger til i forbindelse med vores samarbejde med dig som kunde, s\u00e5 kontakt os (hello@boldsteps.net).<\/p><p><strong>Deltagere p\u00e5 Boldsteps tr\u00e6ning, workshops eller coachingforl\u00f8b<\/strong><\/p><p>Hvis du er i kontakt med Boldsteps, fordi du deltager p\u00e5 en af vores tr\u00e6ninger, workshops eller coachingprogrammer, f\u00e5r vi typisk nogle eller alle af f\u00f8lgende personoplysninger via e-mail eller via telefon, enten direkte fra dig eller fra vores kontaktperson i den virksomhed, du arbejder i:<\/p><ul><li>Navn<\/li><li>Telefonnummer<\/li><li>E-mailadresse<\/li><li>Hvilken virksomhed, du arbejder i<\/li><li>Stillingsbetegnelse<\/li><\/ul><p>Boldsteps har brug for oplysningerne for at kommunikere med dig omkring forberedelse, afholdelse og opf\u00f8lgning p\u00e5 tr\u00e6ningen eller coachingforl\u00f8bet.<\/p><p>Ved nogle typer tr\u00e6ninger og coachingforl\u00f8b f\u00e5r vi desuden yderligere oplysninger om din baggrund og dine \u00f8nsker til tr\u00e6ningen via en pre-survey, som du selv udfylder online p\u00e5 platformen SurveyMonkey. Nogle gange f\u00e5r vi ogs\u00e5 oplysninger om, hvad du har l\u00e6rt p\u00e5 tr\u00e6ningen, via en evaluation-survey, som du selv udfylder online p\u00e5 platformen SurveyMonkey. Vi har indg\u00e5et en databehandleraftaler med SurveyMonkey, hvilket er vores garanti for, at virksomheden overholder de g\u00e6ldende regler om beskyttelse af dine personoplysninger.<\/p><p>Boldsteps har brug for oplysningerne fra disse pre-surveys til at kunne skr\u00e6ddersy tr\u00e6ningen eller coachingforl\u00f8bet til dig, og vi har brug for oplysningerne fra disse evaluation-surveys til at f\u00f8lge op p\u00e5 tr\u00e6ningen eller coachingforl\u00f8bet, for at sikre at resultaterne af tr\u00e6ningen forankres samt til at udvikle samarbejdet med den virksomhed, du arbejder i.<\/p><p>Ved enkelte typer tr\u00e6ning eller coachingforl\u00f8b, fx online-tr\u00e6ninger eller coachingforl\u00f8b, kan vi ogs\u00e5 modtage andre oplysninger om dig, fx i form af dine egne online-l\u00f8sninger p\u00e5 opgaver, der indg\u00e5r i tr\u00e6ningen eller coachingen. I s\u00e5danne tilf\u00e6lde sender vi dig, inden tr\u00e6ningen eller coachingen begynder, supplerende oplysninger om behandling af persondata i forbindelse med den konkrete tr\u00e6ning.<\/p><p>For alle ovenn\u00e6vnte typer oplysninger g\u00e6lder det, at Boldsteps kun overf\u00f8rer oplysningerne i det omfang, det er strengt n\u00f8dvendigt for at kunne forberede, afholde og f\u00f8lge op p\u00e5 tr\u00e6ningen, til:<\/p><ul><li>Boldsteps databehandlere \u2013 som vi har indg\u00e5et databehandleraftaler med, hvilket er vores garanti for, at de overholder de g\u00e6ldende regler om beskyttelse af dine personoplysninger.<\/li><\/ul><p>Hvis du vil have oplyst, hvilke specifikke databehandlere og samarbejdspartnere, vi overf\u00f8rer oplysninger til i forbindelse med den tr\u00e6ning, du deltager p\u00e5, s\u00e5 kontakt os. (hello@boldsteps.net).<\/p><p><strong>Personoplysninger fra modtagere af Boldsteps nyhedsbrev<\/strong><br \/>Hvis du \u00f8nsker at modtage Boldsteps nyhedsbrev, har vi brug for f\u00f8lgende personoplysninger fra dig:<\/p><ul><li>Navn<\/li><li>E-mailadresse<\/li><\/ul><p>Vi modtager typisk oplysningerne direkte fra dig via den tilmeldingsformular, du udfylder p\u00e5 Boldsteps hjemmeside. Nogle gange kan vi ogs\u00e5 modtage oplysningerne via andre kanaler, fx ved at du ved vores tr\u00e6ninger skriver dig p\u00e5 en tilmeldingsliste til nyhedsbrevet.<\/p><p>N\u00e5r du tilmelder dig Boldsteps nyhedsbrev giver du dit samtykke til, at Boldsteps m\u00e5 sende nyhedsbreve til den e-mailadresse, du tilmelder dig med. Vi opbevarer og behandler udelukkende dine personoplysninger med det form\u00e5l, at vi kan sende dig nyhedsbreve.<\/p><p>For at kunne sende dig nyhedsbreve deles dine personoplysninger med tredjepartsservicen, MailChimp. Vi har indg\u00e5et en databehandleraftaler med Mailchimp, hvilket er vores garanti for, at de overholder de g\u00e6ldende regler om beskyttelse af dine personoplysninger.<\/p><p>Hvis du ikke l\u00e6ngere \u00f8nsker at modtage Boldsteps nyhedsbrev, kan du til enhver tid tr\u00e6kke dit samtykke tilbage ved at klikke p\u00e5 afmeldingslinket der st\u00e5r i bunden af alle de nyhedsbreve, som vi sender til dig.<\/p><p><strong>Personoplysninger fra brugere af Boldsteps hjemmeside<\/strong><br \/>Henvendelser via hjemmesidens kontaktformular<br \/>Hvis du kontakter Boldsteps via den kontaktformular, der ligger p\u00e5 vores hjemmeside, f\u00e5r vi typisk f\u00f8lgende personoplysninger fra dig, som du selv indtaster:<\/p><ul><li>Navn<\/li><li>E-mailadresse<\/li><li>(Telefonnummer)<\/li><li>Besked-tekst<\/li><\/ul><p>Boldsteps har brug for oplysningerne for at kunne kommunikere med dig omkring det emne, din besked handler om.<\/p><p>Alle de oplysninger, du indtaster, sendes via en sikker forbindelse.<br \/>Boldsteps s\u00e6lger ikke &#8211; og vil aldrig s\u00e6lge &#8211; dine persondata til tredjeparter.<\/p><h3>Cookies<\/h3><p>Vi arbejder altid p\u00e5 at forbedre din oplevelse af vores hjemmeside. Til det form\u00e5l bruger vi cookies.<\/p><p>Du kan l\u00e6se mere om hvilke cookies vi bruger og hvordan vi bruger dem i vores cookie-politik <span style=\"text-decoration: underline;\"><a href=\"https:\/\/boldsteps.net\/da\/cookiepolitik\/\">her<\/a><\/span>.<\/p><p><strong>Dine rettigheder<\/strong><br \/>Du kan altid kontakte Boldsteps, hvis du:<\/p><ul><li>\u00d8nsker at for at f\u00e5 oplyst hvilke personoplysninger, vi har liggende om dig.<\/li><li>\u00d8nsker at f\u00e5 rettet fejl i personoplysninger, vi har liggende om dig.<\/li><li>\u00d8nsker at f\u00e5 udleveret de personoplysninger, vi har liggende om dig.<\/li><li>\u00d8nsker at f\u00e5 slettet de personoplysninger, vi har liggende om dig.<\/li><\/ul><p>Boldsteps kontaktinfo er:<br \/>Boldsteps ApS<br \/>Gr\u00f8nholtparken 14<br \/>DK \u2013 6000 Kolding<br \/>Danmark<br \/>E-mail: hello@boldsteps.net<br \/>Tlf. (DK): + 45 2372 2398<\/p><p>Du kan ogs\u00e5 kontakte Boldsteps kommunikationsansvarlige, ejer og direkt\u00f8r Lena H\u00f8rlyk Petersen direkte p\u00e5 lena@boldsteps.net.<\/p><p>Hvis du \u00f8nsker at klage over Boldsteps behandling af dine personoplysninger, kan du kontakte\u00a0<a href=\"https:\/\/www.datatilsynet.dk\/\" target=\"_blank\" rel=\"noopener\"><u>Datatilsynet<\/u><\/a>\u00a0i Danmark.<\/p><p><strong>Opdatering af denne privatlivspolitik<\/strong><br \/>Hvis du har sp\u00f8rgsm\u00e5l til denne privatlivspolitik, kan du kontakte Boldsteps kommunikationsansvarlige, ejer og direkt\u00f8r Lena H\u00f8rlyk Petersen p\u00e5 lena@boldsteps.net.<\/p><p>Boldsteps evaluerer og opdaterer l\u00f8bende privatlivspolitikken.<\/p><p><em>Siden er sidst opdateret 3. maj, 2021<\/em><\/p>\t\t\t\t\t\t\t\t<\/div>\n\t\t\t\t<\/div>\n\t\t\t\t\t<\/div>\n\t\t<\/div>\n\t\t\t\t\t<\/div>\n\t\t<\/section>\n\t\t\t\t<\/div>\n\t\t","protected":false},"excerpt":{"rendered":"<p>Om Boldsteps og om denne privatlivspolitik P\u00e5 siden her kan du l\u00e6se privatlivspolitikken for virksomheden:Boldsteps ApSCVR: 40877746Gr\u00f8nholtparken 14DK \u2013 6000 KoldingDanmarkE-mail: hello@boldsteps.netTlf. (DK): + 45 2372 2398 Hos Boldsteps, coacher og tr\u00e6ner vi ledere og medarbejdere, teams og hele organisationer i at lede, samarbejde og kommunikere. Som led i vores virksomhed indsamler og behandler Boldsteps [&hellip;]<\/p>\n","protected":false},"author":1,"featured_media":0,"parent":0,"menu_order":0,"comment_status":"closed","ping_status":"closed","template":"elementor_header_footer","meta":{"_acf_changed":false,"footnotes":""},"class_list":["post-5093","page","type-page","status-publish","hentry"],"acf":[],"_links":{"self":[{"href":"https:\/\/boldsteps.net\/da\/wp-json\/wp\/v2\/pages\/5093","targetHints":{"allow":["GET"]}}],"collection":[{"href":"https:\/\/boldsteps.net\/da\/wp-json\/wp\/v2\/pages"}],"about":[{"href":"https:\/\/boldsteps.net\/da\/wp-json\/wp\/v2\/types\/page"}],"author":[{"embeddable":true,"href":"https:\/\/boldsteps.net\/da\/wp-json\/wp\/v2\/users\/1"}],"replies":[{"embeddable":true,"href":"https:\/\/boldsteps.net\/da\/wp-json\/wp\/v2\/comments?post=5093"}],"version-history":[{"count":5,"href":"https:\/\/boldsteps.net\/da\/wp-json\/wp\/v2\/pages\/5093\/revisions"}],"predecessor-version":[{"id":5105,"href":"https:\/\/boldsteps.net\/da\/wp-json\/wp\/v2\/pages\/5093\/revisions\/5105"}],"wp:attachment":[{"href":"https:\/\/boldsteps.net\/da\/wp-json\/wp\/v2\/media?parent=5093"}],"curies":[{"name":"wp","href":"https:\/\/api.w.org\/{rel}","templated":true}]}}